{"id":5824,"date":"2026-01-31T22:59:21","date_gmt":"2026-01-31T22:59:21","guid":{"rendered":"https:\/\/elitemedaesthetic.com\/precios\/"},"modified":"2026-02-05T14:36:47","modified_gmt":"2026-02-05T14:36:47","slug":"precios","status":"publish","type":"page","link":"https:\/\/elitemedaesthetic.com\/es\/precios\/","title":{"rendered":"Precios"},"content":{"rendered":"\t\t<div data-elementor-type=\"wp-page\" data-elementor-id=\"5824\" class=\"elementor elementor-5824 elementor-5585\">\n\t\t\t\t\t\t<section class=\"elementor-section elementor-top-section elementor-element elementor-element-853aee5 elementor-section-boxed elementor-section-height-default elementor-section-height-default\" data-id=\"853aee5\" data-element_type=\"section\" data-e-type=\"section\">\n\t\t\t\t\t\t<div class=\"elementor-container elementor-column-gap-default\">\n\t\t\t\t\t<div class=\"elementor-column elementor-col-100 elementor-top-column elementor-element elementor-element-9b8a557\" data-id=\"9b8a557\" data-element_type=\"column\" data-e-type=\"column\">\n\t\t\t<div class=\"elementor-widget-wrap elementor-element-populated\">\n\t\t\t\t\t\t<div class=\"elementor-element elementor-element-8ffb09a elementor-widget elementor-widget-html\" data-id=\"8ffb09a\" data-element_type=\"widget\" data-e-type=\"widget\" data-widget_type=\"html.default\">\n\t\t\t\t<div class=\"elementor-widget-container\">\n\t\t\t\t\t<h2>Tratamientos est\u00e9ticos<\/h2>\n\n<p>Experimente la combinaci\u00f3n perfecta de relajaci\u00f3n y resultados cl\u00ednicos. En <strong>Elite Med Aesthetic<\/strong>, nuestros tratamientos est\u00e1n dise\u00f1ados para rejuvenecer su piel y realzar su brillo natural. <\/p>\n\n<figure class=\"wp-block-table is-style-stripes\">\n    <table>\n        <thead>\n            <tr>\n                <th>Tratamiento<\/th>\n                <th>Duraci\u00f3n<\/th>\n                <th>Coste<\/th>\n            <\/tr>\n        <\/thead>\n        <tbody>\n            <tr>\n                <td colspan=\"3\" style=\"background-color: #f2f2f2; text-align: center;\"><strong>Faciales m\u00e9dicos y de autor<\/strong><\/td>\n            <\/tr>\n            <tr>\n                <td><strong>Facial cl\u00e1sico<\/strong><\/td>\n                <td>60 min<\/td>\n                <td>85 $<\/td>\n            <\/tr>\n            <tr>\n                <td><strong>Facial expr\u00e9s<\/strong><\/td>\n                <td>30 min<\/td>\n                <td>50 $<\/td>\n            <\/tr>\n            <tr>\n                <td><strong>Facial con dermaplaning<\/strong><\/td>\n                <td>60 min<\/td>\n                <td>120 $<\/td>\n            <\/tr>\n            <tr>\n                <td><strong>HydraFacial<\/strong><\/td>\n                <td>60 min<\/td>\n                <td>215 $<\/td>\n            <\/tr>\n            <tr>\n                <td><strong>Facial de infusi\u00f3n de ox\u00edgeno<\/strong><\/td>\n                <td>60 min<\/td>\n                <td>150 $<\/td>\n            <\/tr>\n            <tr>\n                <td><strong>Facial con microdermoabrasi\u00f3n<\/strong><\/td>\n                <td>60 min<\/td>\n                <td>110 $<\/td>\n            <\/tr>\n            <tr>\n                <td><strong>Facial con microagujas de radiofrecuencia<\/strong><\/td>\n                <td>60 min<\/td>\n                <td>500 $<\/td>\n            <\/tr>\n            <tr>\n                <td colspan=\"3\" style=\"background-color: #f2f2f2; text-align: center;\"><strong>Tratamientos de depilaci\u00f3n con cera<\/strong><\/td>\n            <\/tr>\n            <tr>\n                <td><strong>Depilaci\u00f3n facial con cera (cara completa)<\/strong><\/td>\n                <td>30 min<\/td>\n                <td>48 $<\/td>\n            <\/tr>\n            <tr>\n                <td><strong>Depilaci\u00f3n facial con cera (zona individual)<\/strong><\/td>\n                <td>10-15 min<\/td>\n                <td>15 $\/zona<\/td>\n            <\/tr>\n            <tr>\n                <td><strong>Depilaci\u00f3n corporal con cera<\/strong><\/td>\n                <td>30 min<\/td>\n                <td>70 $<\/td>\n            <\/tr>\n            \n        <\/tbody>\n    <\/table>\n<\/figure>\n\n<p style=\"text-align: center;\"><em>Mejore cualquier tratamiento facial con nuestro <strong>complemento de terapia de luz LED<\/strong> por solo 15 $ (15 minutos).<\/em><\/p>\n\n<hr class=\"wp-block-separator\">\n\n<div style=\"background-color: #fcfcfc; border: 1px solid #e0e0e0; padding: 25px; margin-top: 30px; border-radius: 8px; text-align: center;\">\n    <h3 style=\"margin-top: 0; color: #b59410;\">Comience su viaje en Elite<\/h3>\n    <p><strong>Todas las consultas en Elite Med Aesthetic son gratuitas.<\/strong><\/p> \n    <p>\u00bfNo est\u00e1 seguro de qu\u00e9 tratamiento es el adecuado para su piel? Re\u00fanase con nuestros especialistas para un an\u00e1lisis de la piel personalizado sin coste alguno. <\/p>\n    \n    \n<\/div>\t\t\t\t<\/div>\n\t\t\t\t<\/div>\n\t\t\t\t<div class=\"elementor-element elementor-element-776fb85 elementor-align-center elementor-widget elementor-widget-button\" data-id=\"776fb85\" data-element_type=\"widget\" data-e-type=\"widget\" data-widget_type=\"button.default\">\n\t\t\t\t<div class=\"elementor-widget-container\">\n\t\t\t\t\t\t\t\t\t<div class=\"elementor-button-wrapper\">\n\t\t\t\t\t<a class=\"elementor-button elementor-button-link elementor-size-sm\" href=\"https:\/\/elitemedaesthetic.myaestheticrecord.com\/online-booking\">\n\t\t\t\t\t\t<span class=\"elementor-button-content-wrapper\">\n\t\t\t\t\t\t\t\t\t<span class=\"elementor-button-text\">Reservar cita<\/span>\n\t\t\t\t\t<\/span>\n\t\t\t\t\t<\/a>\n\t\t\t\t<\/div>\n\t\t\t\t\t\t\t\t<\/div>\n\t\t\t\t<\/div>\n\t\t\t\t\t<\/div>\n\t\t<\/div>\n\t\t\t\t\t<\/div>\n\t\t<\/section>\n\t\t\t\t<section class=\"elementor-section elementor-top-section elementor-element elementor-element-6aaaf27 elementor-section-boxed elementor-section-height-default elementor-section-height-default\" data-id=\"6aaaf27\" data-element_type=\"section\" data-e-type=\"section\">\n\t\t\t\t\t\t<div class=\"elementor-container elementor-column-gap-default\">\n\t\t\t\t\t<div class=\"elementor-column elementor-col-100 elementor-top-column elementor-element elementor-element-f7bf8b6\" data-id=\"f7bf8b6\" data-element_type=\"column\" data-e-type=\"column\">\n\t\t\t<div class=\"elementor-widget-wrap elementor-element-populated\">\n\t\t\t\t\t\t<div class=\"elementor-element elementor-element-48f52ae elementor-widget elementor-widget-html\" data-id=\"48f52ae\" data-element_type=\"widget\" data-e-type=\"widget\" data-widget_type=\"html.default\">\n\t\t\t\t<div class=\"elementor-widget-container\">\n\t\t\t\t\t<h2>Precios de B\u00f3tox<\/h2>\n\n<p>En <strong>Elite Med Aesthetic<\/strong>, mantenemos una tarifa transparente de <strong>11 $ por unidad<\/strong>. Debido a que cada rostro es \u00fanico, su coste total depende de la cantidad de producto necesaria para lograr los resultados deseados. <\/p>\n\n<p>Los precios a continuaci\u00f3n representan el <strong>coste promedio<\/strong> del tratamiento. Si bien proporcionamos promedios est\u00e1ndar, muchos clientes eligen tratar \u00e1reas espec\u00edficas o \"retoques\", cuyo precio se basar\u00e1 en las unidades exactas utilizadas. <\/p>\n\n<figure class=\"wp-block-table is-style-stripes\">\n    <table>\n        <thead>\n            <tr>\n                <th>\u00c1rea de tratamiento<\/th>\n                <th>Unidades<\/th>\n                <th>Inversi\u00f3n est\u00e1ndar<\/th>\n            <\/tr>\n        <\/thead>\n        <tbody>\n            <tr>\n                <td><strong>Parte superior del rostro (completa)<\/strong><br><small>Frente, l\u00edneas de expresi\u00f3n y patas de gallo<\/small><\/td>\n                <td>50-55 unidades (promedio)<\/td>\n                <td>600 $<\/td>\n            <\/tr>\n            <tr>\n                <td><strong>Parte inferior del rostro (completa)<\/strong><br><small>Ment\u00f3n y adelgazamiento de la l\u00ednea de la mand\u00edbula<\/small><\/td>\n                <td>16 unidades (promedio)<\/td>\n                <td>175 $<\/td>\n            <\/tr>\n            <tr>\n                <td><strong>Lip Flip<\/strong><br><small>Realce sutil del labio superior<\/small><\/td>\n                <td>4 unidades<\/td>\n                <td>40 $<\/td>\n            <\/tr>\n            <tr>\n                <td><strong>\u00c1reas individuales\/peque\u00f1as<\/strong><br><small>Elevaci\u00f3n de cejas, l\u00edneas de conejo, etc.<\/small><\/td>\n                <td>Var\u00eda<\/td>\n                <td>11 $\/unidad<\/td>\n            <\/tr>\n        <\/tbody>\n    <\/table>\n<\/figure>\n\n<p><em><strong>Nota:<\/strong> Aparte del Lip Flip, estas cifras son promedios cl\u00ednicos. Su precio final se determina durante su evaluaci\u00f3n presencial para garantizar la seguridad y los resultados \u00f3ptimos. <\/em><\/p>\n\n<hr class=\"wp-block-separator\">\n\n<div style=\"background-color: #fcfcfc; border: 1px solid #e0e0e0; padding: 25px; margin-top: 30px; border-radius: 8px; text-align: center;\">\n    <h3 style=\"margin-top: 0; color: #b59410;\">Comience su viaje en Elite<\/h3>\n    <p><strong>Todas las consultas en Elite Med Aesthetic son gratuitas.<\/strong><\/p> \n    <p>Le invitamos a reunirse con nuestros expertos para discutir sus objetivos y recibir un plan de tratamiento personalizado sin coste alguno para usted.<\/p>\n    \n    <div><\/div>\t\t\t\t<\/div>\n\t\t\t\t<\/div>\n\t\t\t\t<div class=\"elementor-element elementor-element-41f7883 elementor-widget elementor-widget-html\" data-id=\"41f7883\" data-element_type=\"widget\" data-e-type=\"widget\" data-widget_type=\"html.default\">\n\t\t\t\t<div class=\"elementor-widget-container\">\n\t\t\t\t\t<h2>Precios de Dysport<\/h2>\n\n<p>En <strong>Elite Med Aesthetic<\/strong>, mantenemos una tarifa transparente de <strong>4,40 $ por unidad<\/strong>. Debido a que cada rostro es \u00fanico, su coste total depende de la cantidad de producto necesaria para lograr los resultados deseados. <\/p>\n\n<p>Los precios a continuaci\u00f3n representan el <strong>coste promedio<\/strong> del tratamiento. Si bien proporcionamos promedios est\u00e1ndar, muchos clientes eligen tratar \u00e1reas espec\u00edficas que tendr\u00e1n un precio basado en las unidades exactas utilizadas. <\/p>\n\n<figure class=\"wp-block-table is-style-stripes\">\n    <table>\n        <thead>\n            <tr>\n                <th>\u00c1rea de tratamiento<\/th>\n                <th>Unidades<\/th>\n                <th>Inversi\u00f3n est\u00e1ndar<\/th>\n            <\/tr>\n        <\/thead>\n        <tbody>\n            <tr>\n                <td><strong>Parte superior del rostro (completa)<\/strong><br><small>Frente, l\u00edneas de expresi\u00f3n y patas de gallo<\/small><\/td>\n                <td>125-135 unidades (promedio)<\/td>\n                <td>600 $<\/td>\n            <\/tr>\n            <tr>\n                <td><strong>Parte inferior del rostro (completa)<\/strong><br><small>Reducci\u00f3n de ment\u00f3n y mand\u00edbula<\/small><\/td>\n                <td>40 unidades (promedio)<\/td>\n                <td>175 $<\/td>\n            <\/tr>\n            <tr>\n                <td><strong>Lip Flip<\/strong><br><small>Mejora sutil del labio superior<\/small><\/td>\n                <td>10 unidades<\/td>\n                <td>40 $<\/td>\n            <\/tr>\n            <tr>\n                <td><strong>\u00c1reas individuales\/peque\u00f1as<\/strong><br><small>Elevaci\u00f3n de cejas, l\u00edneas de conejo, etc.<\/small><\/td>\n                <td>Var\u00eda<\/td>\n                <td>4,40 $\/unidad<\/td>\n            <\/tr>\n        <\/tbody>\n    <\/table>\n<\/figure>\n\n<p><em><strong>Nota:<\/strong> Aparte del Lip Flip, estas cifras son promedios cl\u00ednicos. Su precio final se determina durante su evaluaci\u00f3n presencial para garantizar la seguridad y los resultados \u00f3ptimos. <\/em><\/p>\n\n<hr class=\"wp-block-separator\">\n\n<div style=\"background-color: #fcfcfc; border: 1px solid #e0e0e0; padding: 25px; margin-top: 30px; border-radius: 8px; text-align: center;\">\n    <h3 style=\"margin-top: 0; color: #b59410;\">Comience su viaje en Elite<\/h3>\n    <p><strong>Todas las consultas en Elite Med Aesthetic son gratuitas.<\/strong><\/p> \n    <p>Le invitamos a reunirse con nuestros expertos para discutir sus objetivos y recibir un plan de tratamiento personalizado sin coste alguno para usted.<\/p>\n    \n    <div><\/div>\t\t\t\t<\/div>\n\t\t\t\t<\/div>\n\t\t\t\t<div class=\"elementor-element elementor-element-13315d5 elementor-shape-circle elementor-grid-0 e-grid-align-center elementor-widget elementor-widget-social-icons\" data-id=\"13315d5\" data-element_type=\"widget\" data-e-type=\"widget\" data-widget_type=\"social-icons.default\">\n\t\t\t\t<div class=\"elementor-widget-container\">\n\t\t\t\t\t\t\t<div class=\"elementor-social-icons-wrapper elementor-grid\" role=\"list\">\n\t\t\t\t\t\t\t<span class=\"elementor-grid-item\" role=\"listitem\">\n\t\t\t\t\t<a class=\"elementor-icon elementor-social-icon elementor-social-icon-facebook elementor-repeater-item-d0ab432\" href=\"https:\/\/m.facebook.com\/elitemedaesthetic\" target=\"_blank\">\n\t\t\t\t\t\t<span class=\"elementor-screen-only\">Facebook<\/span>\n\t\t\t\t\t\t<i aria-hidden=\"true\" class=\"fab fa-facebook\"><\/i>\t\t\t\t\t<\/a>\n\t\t\t\t<\/span>\n\t\t\t\t\t\t\t<span class=\"elementor-grid-item\" role=\"listitem\">\n\t\t\t\t\t<a class=\"elementor-icon elementor-social-icon elementor-social-icon-instagram elementor-repeater-item-e5eb08b\" href=\"https:\/\/instagram.com\/_u\/elitemedaesthetic\" target=\"_blank\">\n\t\t\t\t\t\t<span class=\"elementor-screen-only\">Instagram<\/span>\n\t\t\t\t\t\t<i aria-hidden=\"true\" class=\"fab fa-instagram\"><\/i>\t\t\t\t\t<\/a>\n\t\t\t\t<\/span>\n\t\t\t\t\t\t\t<span class=\"elementor-grid-item\" role=\"listitem\">\n\t\t\t\t\t<a class=\"elementor-icon elementor-social-icon elementor-social-icon-phone elementor-repeater-item-7394d44\" href=\"tel:+18652217519\" target=\"_blank\">\n\t\t\t\t\t\t<span class=\"elementor-screen-only\">Phone<\/span>\n\t\t\t\t\t\t<i aria-hidden=\"true\" class=\"fas fa-phone\"><\/i>\t\t\t\t\t<\/a>\n\t\t\t\t<\/span>\n\t\t\t\t\t\t\t<span class=\"elementor-grid-item\" role=\"listitem\">\n\t\t\t\t\t<a class=\"elementor-icon elementor-social-icon elementor-social-icon-tty elementor-repeater-item-9d29dd8\" href=\"sms:+18652217519\" target=\"_blank\">\n\t\t\t\t\t\t<span class=\"elementor-screen-only\">Tty<\/span>\n\t\t\t\t\t\t<i aria-hidden=\"true\" class=\"fas fa-tty\"><\/i>\t\t\t\t\t<\/a>\n\t\t\t\t<\/span>\n\t\t\t\t\t\t\t<span class=\"elementor-grid-item\" role=\"listitem\">\n\t\t\t\t\t<a class=\"elementor-icon elementor-social-icon elementor-social-icon-envelope-open-text elementor-repeater-item-9a1a500\" href=\"mailto:bwstiles74@gmail.com\" target=\"_blank\">\n\t\t\t\t\t\t<span class=\"elementor-screen-only\">Envelope-open-text<\/span>\n\t\t\t\t\t\t<i aria-hidden=\"true\" class=\"fas fa-envelope-open-text\"><\/i>\t\t\t\t\t<\/a>\n\t\t\t\t<\/span>\n\t\t\t\t\t<\/div>\n\t\t\t\t\t\t<\/div>\n\t\t\t\t<\/div>\n\t\t\t\t<div class=\"elementor-element elementor-element-3b3f34f elementor-widget elementor-widget-text-editor\" data-id=\"3b3f34f\" data-element_type=\"widget\" data-e-type=\"widget\" data-widget_type=\"text-editor.default\">\n\t\t\t\t<div class=\"elementor-widget-container\">\n\t\t\t\t\t\t\t\t\t<p>Precios  <\/p><ul><li>B\u00f3tox: 11 $\/unidad<\/li><li>Dysport: 11 $\/unidad<\/li><li>Rellenos d\u00e9rmicos 650 $\/jeringa de 1 ml <\/li><\/ul>\t\t\t\t\t\t\t\t<\/div>\n\t\t\t\t<\/div>\n\t\t\t\t\t<\/div>\n\t\t<\/div>\n\t\t\t\t\t<\/div>\n\t\t<\/section>\n\t\t\t\t<\/div>\n\t\t","protected":false},"excerpt":{"rendered":"<p>Tratamientos est\u00e9ticos Experimente la combinaci\u00f3n perfecta de relajaci\u00f3n y resultados cl\u00ednicos. En Elite Med Aesthetic, nuestros tratamientos est\u00e1n dise\u00f1ados para rejuvenecer su piel y realzar su brillo natural. Tratamiento Duraci\u00f3n Coste Faciales m\u00e9dicos y de autor Facial cl\u00e1sico 60 min 85 $ Facial expr\u00e9s 30 min 50 $ Facial con dermaplaning 60 min 120 $ [&hellip;]<\/p>\n","protected":false},"author":3,"featured_media":0,"parent":0,"menu_order":0,"comment_status":"closed","ping_status":"closed","template":"","meta":{"_yoast_wpseo_title":"","_yoast_wpseo_metadesc":"","_metasync_otto_title":"","_metasync_otto_description":"","_metasync_otto_keywords":"","_metasync_otto_og_title":"","_metasync_otto_og_description":"","_metasync_otto_twitter_title":"","_metasync_otto_twitter_description":"","rank_math_title":"","rank_math_description":"","_aioseo_title":"","_aioseo_description":"","_metasync_seo_title":"","_metasync_seo_desc":"","_metasync_breadcrumb_title":"","_metasync_primary_category":0,"_metasync_primary_product_cat":0,"_metasync_otto_disabled":"","_metasync_hreflang":"","footnotes":""},"class_list":["post-5824","page","type-page","status-publish","hentry","entry"],"yoast_head":"<!-- This site is optimized with the Yoast SEO plugin v27.5 - https:\/\/yoast.com\/product\/yoast-seo-wordpress\/ -->\n<title>Precios - Elite MedAesthetic<\/title>\n<meta name=\"robots\" content=\"index, follow, max-snippet:-1, max-image-preview:large, max-video-preview:-1\" \/>\n<link rel=\"canonical\" href=\"https:\/\/elitemedaesthetic.com\/es\/precios\/\" \/>\n<meta property=\"og:locale\" content=\"es_ES\" \/>\n<meta property=\"og:type\" content=\"article\" \/>\n<meta property=\"og:title\" content=\"Precios - Elite MedAesthetic\" \/>\n<meta property=\"og:description\" content=\"Tratamientos est\u00e9ticos Experimente la combinaci\u00f3n perfecta de relajaci\u00f3n y resultados cl\u00ednicos. En Elite Med Aesthetic, nuestros tratamientos est\u00e1n dise\u00f1ados para rejuvenecer su piel y realzar su brillo natural. Tratamiento Duraci\u00f3n Coste Faciales m\u00e9dicos y de autor Facial cl\u00e1sico 60 min 85 $ Facial expr\u00e9s 30 min 50 $ Facial con dermaplaning 60 min 120 $ [&hellip;]\" \/>\n<meta property=\"og:url\" content=\"https:\/\/elitemedaesthetic.com\/es\/precios\/\" \/>\n<meta property=\"og:site_name\" content=\"Elite MedAesthetic\" \/>\n<meta property=\"article:publisher\" content=\"https:\/\/www.facebook.com\/elitemedaesthetic\/\" \/>\n<meta name=\"twitter:card\" content=\"summary_large_image\" \/>\n<meta name=\"twitter:label1\" content=\"Tiempo de lectura\" \/>\n\t<meta name=\"twitter:data1\" content=\"3 minutos\" \/>\n<script type=\"application\/ld+json\" class=\"yoast-schema-graph\">{\"@context\":\"https:\\\/\\\/schema.org\",\"@graph\":[{\"@type\":\"WebPage\",\"@id\":\"https:\\\/\\\/elitemedaesthetic.com\\\/es\\\/precios\\\/\",\"url\":\"https:\\\/\\\/elitemedaesthetic.com\\\/es\\\/precios\\\/\",\"name\":\"Precios - Elite MedAesthetic\",\"isPartOf\":{\"@id\":\"http:\\\/\\\/elitemedaesthetic.com\\\/es\\\/#website\"},\"datePublished\":\"2026-01-31T22:59:21+00:00\",\"dateModified\":\"2026-02-05T14:36:47+00:00\",\"breadcrumb\":{\"@id\":\"https:\\\/\\\/elitemedaesthetic.com\\\/es\\\/precios\\\/#breadcrumb\"},\"inLanguage\":\"es\",\"potentialAction\":[{\"@type\":\"ReadAction\",\"target\":[\"https:\\\/\\\/elitemedaesthetic.com\\\/es\\\/precios\\\/\"]}]},{\"@type\":\"BreadcrumbList\",\"@id\":\"https:\\\/\\\/elitemedaesthetic.com\\\/es\\\/precios\\\/#breadcrumb\",\"itemListElement\":[{\"@type\":\"ListItem\",\"position\":1,\"name\":\"Home\",\"item\":\"https:\\\/\\\/elitemedaesthetic.com\\\/es\\\/inicio\\\/\"},{\"@type\":\"ListItem\",\"position\":2,\"name\":\"Precios\"}]},{\"@type\":\"WebSite\",\"@id\":\"http:\\\/\\\/elitemedaesthetic.com\\\/es\\\/#website\",\"url\":\"http:\\\/\\\/elitemedaesthetic.com\\\/es\\\/\",\"name\":\"Elite MedAesthetic\",\"description\":\"\",\"publisher\":{\"@id\":\"http:\\\/\\\/elitemedaesthetic.com\\\/es\\\/#organization\"},\"potentialAction\":[{\"@type\":\"SearchAction\",\"target\":{\"@type\":\"EntryPoint\",\"urlTemplate\":\"http:\\\/\\\/elitemedaesthetic.com\\\/es\\\/?s={search_term_string}\"},\"query-input\":{\"@type\":\"PropertyValueSpecification\",\"valueRequired\":true,\"valueName\":\"search_term_string\"}}],\"inLanguage\":\"es\"},{\"@type\":\"Organization\",\"@id\":\"http:\\\/\\\/elitemedaesthetic.com\\\/es\\\/#organization\",\"name\":\"Elite MedAesthetic\",\"url\":\"http:\\\/\\\/elitemedaesthetic.com\\\/es\\\/\",\"logo\":{\"@type\":\"ImageObject\",\"inLanguage\":\"es\",\"@id\":\"http:\\\/\\\/elitemedaesthetic.com\\\/es\\\/#\\\/schema\\\/logo\\\/image\\\/\",\"url\":\"https:\\\/\\\/elitemedaesthetic.com\\\/wp-content\\\/uploads\\\/2025\\\/02\\\/EMA-Logo-Website-CENTER-e1740064586840.png\",\"contentUrl\":\"https:\\\/\\\/elitemedaesthetic.com\\\/wp-content\\\/uploads\\\/2025\\\/02\\\/EMA-Logo-Website-CENTER-e1740064586840.png\",\"width\":6084,\"height\":1692,\"caption\":\"Elite MedAesthetic\"},\"image\":{\"@id\":\"http:\\\/\\\/elitemedaesthetic.com\\\/es\\\/#\\\/schema\\\/logo\\\/image\\\/\"},\"sameAs\":[\"https:\\\/\\\/www.facebook.com\\\/elitemedaesthetic\\\/\",\"https:\\\/\\\/www.instagram.com\\\/elitemedaesthetic\\\/\"]}]}<\/script>\n<!-- \/ Yoast SEO plugin. -->","yoast_head_json":{"title":"Precios - Elite MedAesthetic","robots":{"index":"index","follow":"follow","max-snippet":"max-snippet:-1","max-image-preview":"max-image-preview:large","max-video-preview":"max-video-preview:-1"},"canonical":"https:\/\/elitemedaesthetic.com\/es\/precios\/","og_locale":"es_ES","og_type":"article","og_title":"Precios - Elite MedAesthetic","og_description":"Tratamientos est\u00e9ticos Experimente la combinaci\u00f3n perfecta de relajaci\u00f3n y resultados cl\u00ednicos. En Elite Med Aesthetic, nuestros tratamientos est\u00e1n dise\u00f1ados para rejuvenecer su piel y realzar su brillo natural. Tratamiento Duraci\u00f3n Coste Faciales m\u00e9dicos y de autor Facial cl\u00e1sico 60 min 85 $ Facial expr\u00e9s 30 min 50 $ Facial con dermaplaning 60 min 120 $ [&hellip;]","og_url":"https:\/\/elitemedaesthetic.com\/es\/precios\/","og_site_name":"Elite MedAesthetic","article_publisher":"https:\/\/www.facebook.com\/elitemedaesthetic\/","twitter_card":"summary_large_image","twitter_misc":{"Tiempo de lectura":"3 minutos"},"schema":{"@context":"https:\/\/schema.org","@graph":[{"@type":"WebPage","@id":"https:\/\/elitemedaesthetic.com\/es\/precios\/","url":"https:\/\/elitemedaesthetic.com\/es\/precios\/","name":"Precios - Elite MedAesthetic","isPartOf":{"@id":"http:\/\/elitemedaesthetic.com\/es\/#website"},"datePublished":"2026-01-31T22:59:21+00:00","dateModified":"2026-02-05T14:36:47+00:00","breadcrumb":{"@id":"https:\/\/elitemedaesthetic.com\/es\/precios\/#breadcrumb"},"inLanguage":"es","potentialAction":[{"@type":"ReadAction","target":["https:\/\/elitemedaesthetic.com\/es\/precios\/"]}]},{"@type":"BreadcrumbList","@id":"https:\/\/elitemedaesthetic.com\/es\/precios\/#breadcrumb","itemListElement":[{"@type":"ListItem","position":1,"name":"Home","item":"https:\/\/elitemedaesthetic.com\/es\/inicio\/"},{"@type":"ListItem","position":2,"name":"Precios"}]},{"@type":"WebSite","@id":"http:\/\/elitemedaesthetic.com\/es\/#website","url":"http:\/\/elitemedaesthetic.com\/es\/","name":"Elite MedAesthetic","description":"","publisher":{"@id":"http:\/\/elitemedaesthetic.com\/es\/#organization"},"potentialAction":[{"@type":"SearchAction","target":{"@type":"EntryPoint","urlTemplate":"http:\/\/elitemedaesthetic.com\/es\/?s={search_term_string}"},"query-input":{"@type":"PropertyValueSpecification","valueRequired":true,"valueName":"search_term_string"}}],"inLanguage":"es"},{"@type":"Organization","@id":"http:\/\/elitemedaesthetic.com\/es\/#organization","name":"Elite MedAesthetic","url":"http:\/\/elitemedaesthetic.com\/es\/","logo":{"@type":"ImageObject","inLanguage":"es","@id":"http:\/\/elitemedaesthetic.com\/es\/#\/schema\/logo\/image\/","url":"https:\/\/elitemedaesthetic.com\/wp-content\/uploads\/2025\/02\/EMA-Logo-Website-CENTER-e1740064586840.png","contentUrl":"https:\/\/elitemedaesthetic.com\/wp-content\/uploads\/2025\/02\/EMA-Logo-Website-CENTER-e1740064586840.png","width":6084,"height":1692,"caption":"Elite MedAesthetic"},"image":{"@id":"http:\/\/elitemedaesthetic.com\/es\/#\/schema\/logo\/image\/"},"sameAs":["https:\/\/www.facebook.com\/elitemedaesthetic\/","https:\/\/www.instagram.com\/elitemedaesthetic\/"]}]}},"_links":{"self":[{"href":"https:\/\/elitemedaesthetic.com\/es\/wp-json\/wp\/v2\/pages\/5824","targetHints":{"allow":["GET"]}}],"collection":[{"href":"https:\/\/elitemedaesthetic.com\/es\/wp-json\/wp\/v2\/pages"}],"about":[{"href":"https:\/\/elitemedaesthetic.com\/es\/wp-json\/wp\/v2\/types\/page"}],"author":[{"embeddable":true,"href":"https:\/\/elitemedaesthetic.com\/es\/wp-json\/wp\/v2\/users\/3"}],"replies":[{"embeddable":true,"href":"https:\/\/elitemedaesthetic.com\/es\/wp-json\/wp\/v2\/comments?post=5824"}],"version-history":[{"count":1,"href":"https:\/\/elitemedaesthetic.com\/es\/wp-json\/wp\/v2\/pages\/5824\/revisions"}],"predecessor-version":[{"id":5825,"href":"https:\/\/elitemedaesthetic.com\/es\/wp-json\/wp\/v2\/pages\/5824\/revisions\/5825"}],"wp:attachment":[{"href":"https:\/\/elitemedaesthetic.com\/es\/wp-json\/wp\/v2\/media?parent=5824"}],"curies":[{"name":"wp","href":"https:\/\/api.w.org\/{rel}","templated":true}]}}